{"id":438,"date":"2023-05-30T18:03:08","date_gmt":"2023-05-30T16:03:08","guid":{"rendered":"https:\/\/maisonkaribu.com\/?page_id=438"},"modified":"2024-08-23T09:49:03","modified_gmt":"2024-08-23T07:49:03","slug":"about-karibu","status":"publish","type":"page","link":"https:\/\/maisonkaribu.com\/en\/about-karibu\/","title":{"rendered":"About Karibu"},"content":{"rendered":"<div data-elementor-type=\"wp-page\" data-elementor-id=\"438\" class=\"elementor elementor-438\" data-elementor-post-type=\"page\">\n\t\t\t\t\t\t<section class=\"elementor-section elementor-top-section elementor-element elementor-element-60c61c36 elementor-section-height-min-height elementor-section-full_width elementor-section-items-stretch elementor-section-content-middle elementor-section-height-default\" data-id=\"60c61c36\" data-element_type=\"section\" data-settings=\"{&quot;background_background&quot;:&quot;classic&quot;}\">\n\t\t\t\t\t\t<div class=\"elementor-container elementor-column-gap-default\">\n\t\t\t\t\t<div class=\"elementor-column elementor-col-100 elementor-top-column elementor-element elementor-element-56d3ef6b\" data-id=\"56d3ef6b\" data-element_type=\"column\">\n\t\t\t<div class=\"elementor-widget-wrap\">\n\t\t\t\t\t\t\t<\/div>\n\t\t<\/div>\n\t\t\t\t\t<\/div>\n\t\t<\/section>\n\t\t\t\t<section class=\"elementor-section elementor-top-section elementor-element elementor-element-3cf22d2 elementor-section-height-min-height elementor-section-boxed elementor-section-height-default elementor-section-items-middle\" data-id=\"3cf22d2\" data-element_type=\"section\">\n\t\t\t\t\t\t<div class=\"elementor-container elementor-column-gap-default\">\n\t\t\t\t\t<div class=\"elementor-column elementor-col-100 elementor-top-column elementor-element elementor-element-1161af13\" data-id=\"1161af13\" data-element_type=\"column\">\n\t\t\t<div class=\"elementor-widget-wrap elementor-element-populated\">\n\t\t\t\t\t\t<div class=\"elementor-element elementor-element-59357b92 elementor-widget elementor-widget-heading\" data-id=\"59357b92\" data-element_type=\"widget\" data-widget_type=\"heading.default\">\n\t\t\t\t<div class=\"elementor-widget-container\">\n\t\t\t\t\t<h1 class=\"elementor-heading-title elementor-size-default\">About Karibu<\/h1>\t\t\t\t<\/div>\n\t\t\t\t<\/div>\n\t\t\t\t<div class=\"elementor-element elementor-element-61514dac elementor-widget elementor-widget-text-editor\" data-id=\"61514dac\" data-element_type=\"widget\" data-widget_type=\"text-editor.default\">\n\t\t\t\t<div class=\"elementor-widget-container\">\n\t\t\t\t\t\t\t\t\t<p class=\"p1 translation-block\">Karibu Living is a company based in Valencia (Spain), which provides housing solutions of a different nature but with a common goal: to provide a place that allows people who live there to connect and interact with each other.<\/p><p class=\"p1 translation-block\">With sustainability and regeneration as principles, we always act with the utmost respect for the environment and the surrounding area, promoting a healthy lifestyle that respects the society we work in.<\/p>\t\t\t\t\t\t\t\t<\/div>\n\t\t\t\t<\/div>\n\t\t\t\t\t<\/div>\n\t\t<\/div>\n\t\t\t\t\t<\/div>\n\t\t<\/section>\n\t\t\t\t<section class=\"elementor-section elementor-top-section elementor-element elementor-element-8377021 elementor-section-boxed elementor-section-height-default elementor-section-height-default\" data-id=\"8377021\" data-element_type=\"section\">\n\t\t\t\t\t\t<div class=\"elementor-container elementor-column-gap-default\">\n\t\t\t\t\t<div class=\"elementor-column elementor-col-100 elementor-top-column elementor-element elementor-element-a2339a2\" data-id=\"a2339a2\" data-element_type=\"column\">\n\t\t\t<div class=\"elementor-widget-wrap elementor-element-populated\">\n\t\t\t\t\t\t<div class=\"elementor-element elementor-element-50d5da6 elementor-widget elementor-widget-heading\" data-id=\"50d5da6\" data-element_type=\"widget\" data-widget_type=\"heading.default\">\n\t\t\t\t<div class=\"elementor-widget-container\">\n\t\t\t\t\t<h2 class=\"elementor-heading-title elementor-size-default\">Maison Karibu, the beginning of everything<\/h2>\t\t\t\t<\/div>\n\t\t\t\t<\/div>\n\t\t\t\t<section class=\"elementor-section elementor-inner-section elementor-element elementor-element-332bd7a elementor-section-boxed elementor-section-height-default elementor-section-height-default\" data-id=\"332bd7a\" data-element_type=\"section\">\n\t\t\t\t\t\t<div class=\"elementor-container elementor-column-gap-default\">\n\t\t\t\t\t<div class=\"elementor-column elementor-col-50 elementor-inner-column elementor-element elementor-element-734d7c2\" data-id=\"734d7c2\" data-element_type=\"column\">\n\t\t\t<div class=\"elementor-widget-wrap elementor-element-populated\">\n\t\t\t\t\t\t<div class=\"elementor-element elementor-element-87b3b68 elementor-widget elementor-widget-text-editor\" data-id=\"87b3b68\" data-element_type=\"widget\" data-widget_type=\"text-editor.default\">\n\t\t\t\t<div class=\"elementor-widget-container\">\n\t\t\t\t\t\t\t\t\t<p class=\"p1\">Our first project, Maison Karibu, is an urbanization of 6 villas in the center of Bunia (DR Congo). A project to which we are very involved.<\/p>\t\t\t\t\t\t\t\t<\/div>\n\t\t\t\t<\/div>\n\t\t\t\t\t<\/div>\n\t\t<\/div>\n\t\t\t\t<div class=\"elementor-column elementor-col-50 elementor-inner-column elementor-element elementor-element-39a91a3\" data-id=\"39a91a3\" data-element_type=\"column\">\n\t\t\t<div class=\"elementor-widget-wrap elementor-element-populated\">\n\t\t\t\t\t\t<div class=\"elementor-element elementor-element-d8799bc elementor-widget elementor-widget-text-editor\" data-id=\"d8799bc\" data-element_type=\"widget\" data-widget_type=\"text-editor.default\">\n\t\t\t\t<div class=\"elementor-widget-container\">\n\t\t\t\t\t\t\t\t\t<p class=\"p1\">Together with Nicolas Claeys (Okapi Logistique Founder), Alicia Yag\u00fce and Eduardo Roger, they are the team that makes Karibu a reality.<\/p>\t\t\t\t\t\t\t\t<\/div>\n\t\t\t\t<\/div>\n\t\t\t\t\t<\/div>\n\t\t<\/div>\n\t\t\t\t\t<\/div>\n\t\t<\/section>\n\t\t\t\t\t<\/div>\n\t\t<\/div>\n\t\t\t\t\t<\/div>\n\t\t<\/section>\n\t\t\t\t<section class=\"elementor-section elementor-top-section elementor-element elementor-element-1428c5f elementor-hidden-desktop elementor-hidden-tablet elementor-hidden-mobile elementor-section-boxed elementor-section-height-default elementor-section-height-default\" data-id=\"1428c5f\" data-element_type=\"section\">\n\t\t\t\t\t\t<div class=\"elementor-container elementor-column-gap-default\">\n\t\t\t\t\t<div class=\"elementor-column elementor-col-50 elementor-top-column elementor-element elementor-element-23738bd\" data-id=\"23738bd\" data-element_type=\"column\">\n\t\t\t<div class=\"elementor-widget-wrap elementor-element-populated\">\n\t\t\t\t\t\t<div class=\"elementor-element elementor-element-8525c02 elementor-invisible elementor-widget elementor-widget-image\" data-id=\"8525c02\" data-element_type=\"widget\" data-settings=\"{&quot;_animation&quot;:&quot;fadeInLeft&quot;}\" data-widget_type=\"image.default\">\n\t\t\t\t<div class=\"elementor-widget-container\">\n\t\t\t\t\t\t\t\t\t\t\t\t\t\t\t<img fetchpriority=\"high\" decoding=\"async\" width=\"800\" height=\"800\" src=\"https:\/\/maisonkaribu.com\/wp-content\/uploads\/2023\/05\/LandRover.jpg\" class=\"attachment-large size-large wp-image-442\" alt=\"\" srcset=\"https:\/\/maisonkaribu.com\/wp-content\/uploads\/2023\/05\/LandRover.jpg 800w, https:\/\/maisonkaribu.com\/wp-content\/uploads\/2023\/05\/LandRover-300x300.jpg 300w, https:\/\/maisonkaribu.com\/wp-content\/uploads\/2023\/05\/LandRover-150x150.jpg 150w, https:\/\/maisonkaribu.com\/wp-content\/uploads\/2023\/05\/LandRover-768x768.jpg 768w\" sizes=\"(max-width: 800px) 100vw, 800px\" \/>\t\t\t\t\t\t\t\t\t\t\t\t\t\t\t<\/div>\n\t\t\t\t<\/div>\n\t\t\t\t\t<\/div>\n\t\t<\/div>\n\t\t\t\t<div class=\"elementor-column elementor-col-50 elementor-top-column elementor-element elementor-element-22be4f1\" data-id=\"22be4f1\" data-element_type=\"column\">\n\t\t\t<div class=\"elementor-widget-wrap elementor-element-populated\">\n\t\t\t\t\t\t<div class=\"elementor-element elementor-element-14d27c8 elementor-invisible elementor-widget elementor-widget-image\" data-id=\"14d27c8\" data-element_type=\"widget\" data-settings=\"{&quot;_animation&quot;:&quot;fadeInRight&quot;}\" data-widget_type=\"image.default\">\n\t\t\t\t<div class=\"elementor-widget-container\">\n\t\t\t\t\t\t\t\t\t\t\t\t\t\t\t<img decoding=\"async\" width=\"800\" height=\"800\" src=\"https:\/\/maisonkaribu.com\/wp-content\/uploads\/2023\/05\/1603700545111.jpeg\" class=\"attachment-large size-large wp-image-440\" alt=\"\" srcset=\"https:\/\/maisonkaribu.com\/wp-content\/uploads\/2023\/05\/1603700545111.jpeg 800w, https:\/\/maisonkaribu.com\/wp-content\/uploads\/2023\/05\/1603700545111-300x300.jpeg 300w, https:\/\/maisonkaribu.com\/wp-content\/uploads\/2023\/05\/1603700545111-150x150.jpeg 150w, https:\/\/maisonkaribu.com\/wp-content\/uploads\/2023\/05\/1603700545111-768x768.jpeg 768w\" sizes=\"(max-width: 800px) 100vw, 800px\" \/>\t\t\t\t\t\t\t\t\t\t\t\t\t\t\t<\/div>\n\t\t\t\t<\/div>\n\t\t\t\t\t<\/div>\n\t\t<\/div>\n\t\t\t\t\t<\/div>\n\t\t<\/section>\n\t\t\t\t<section class=\"elementor-section elementor-top-section elementor-element elementor-element-2ce08e4 elementor-hidden-desktop elementor-hidden-tablet elementor-hidden-mobile elementor-section-boxed elementor-section-height-default elementor-section-height-default\" data-id=\"2ce08e4\" data-element_type=\"section\">\n\t\t\t\t\t\t<div class=\"elementor-container elementor-column-gap-default\">\n\t\t\t\t\t<div class=\"elementor-column elementor-col-100 elementor-top-column elementor-element elementor-element-ffceeaf\" data-id=\"ffceeaf\" data-element_type=\"column\">\n\t\t\t<div class=\"elementor-widget-wrap elementor-element-populated\">\n\t\t\t\t\t\t<div class=\"elementor-element elementor-element-478c2b2 elementor-widget elementor-widget-heading\" data-id=\"478c2b2\" data-element_type=\"widget\" data-widget_type=\"heading.default\">\n\t\t\t\t<div class=\"elementor-widget-container\">\n\t\t\t\t\t<h3 class=\"elementor-heading-title elementor-size-default\">Nicolas Claeys y Eduardo Roger, <br>\nla combinaci\u00f3n perfecta para un proyecto ganador<\/h3>\t\t\t\t<\/div>\n\t\t\t\t<\/div>\n\t\t\t\t<section class=\"elementor-section elementor-inner-section elementor-element elementor-element-5df2c1c elementor-section-boxed elementor-section-height-default elementor-section-height-default\" data-id=\"5df2c1c\" data-element_type=\"section\">\n\t\t\t\t\t\t<div class=\"elementor-container elementor-column-gap-default\">\n\t\t\t\t\t<div class=\"elementor-column elementor-col-50 elementor-inner-column elementor-element elementor-element-ae18f76\" data-id=\"ae18f76\" data-element_type=\"column\">\n\t\t\t<div class=\"elementor-widget-wrap elementor-element-populated\">\n\t\t\t\t\t\t<div class=\"elementor-element elementor-element-dd1f025 elementor-widget elementor-widget-text-editor\" data-id=\"dd1f025\" data-element_type=\"widget\" data-widget_type=\"text-editor.default\">\n\t\t\t\t<div class=\"elementor-widget-container\">\n\t\t\t\t\t\t\t\t\t<p class=\"p1\"><span class=\"s1\">Nicolas aporta un profundo conocimiento de la zona y sus costumbres, adem\u00e1s es el ADG de <\/span><span class=\"s2\">Okapi Logistique<\/span><span class=\"s1\">, una de las principales empresas de transporte de personas y mercancias del este del DR Congo.Karibu Living colabora estrechamente con Okapi Logistique y sin su inestimable labor y trabajo Maison Karibu nunca habr\u00eda visto la luz.<\/span><\/p>\t\t\t\t\t\t\t\t<\/div>\n\t\t\t\t<\/div>\n\t\t\t\t\t<\/div>\n\t\t<\/div>\n\t\t\t\t<div class=\"elementor-column elementor-col-50 elementor-inner-column elementor-element elementor-element-e7fd912\" data-id=\"e7fd912\" data-element_type=\"column\">\n\t\t\t<div class=\"elementor-widget-wrap elementor-element-populated\">\n\t\t\t\t\t\t<div class=\"elementor-element elementor-element-e6afa3b elementor-widget elementor-widget-text-editor\" data-id=\"e6afa3b\" data-element_type=\"widget\" data-widget_type=\"text-editor.default\">\n\t\t\t\t<div class=\"elementor-widget-container\">\n\t\t\t\t\t\t\t\t\t<p class=\"p1\"><span class=\"s1\">Eduardo Roger es Arquitecto, especializado en la gesti\u00f3n, promoci\u00f3n y desarrollo de activos inmobiliarios y cuenta con una dilatada experiencia en la gesti\u00f3n integral de proyectos.<\/span><\/p><p class=\"p1\"><span class=\"s1\">Su participaci\u00f3n aporta experiencia y calidad t\u00e9cnica en un proyecto de nueva construcci\u00f3n.<\/span><\/p>\t\t\t\t\t\t\t\t<\/div>\n\t\t\t\t<\/div>\n\t\t\t\t\t<\/div>\n\t\t<\/div>\n\t\t\t\t\t<\/div>\n\t\t<\/section>\n\t\t\t\t\t<\/div>\n\t\t<\/div>\n\t\t\t\t\t<\/div>\n\t\t<\/section>\n\t\t\t\t<\/div>","protected":false},"excerpt":{"rendered":"<p>Sur Karibu Karibu Living est une soci\u00e9t\u00e9 bas\u00e9e \u00e0 Valence (Espagne), qui fournit des solutions de logement de nature diff\u00e9rente mais avec un objectif commun\u00a0: offrir un espace qui permet aux personnes qui y r\u00e9sident de se connecter et d\u2019interagir entre eux. Avec la durabilit\u00e9 et la r\u00e9g\u00e9n\u00e9ration comme principes, nous agissons toujours dans le [&hellip;]<\/p>","protected":false},"author":1,"featured_media":0,"parent":0,"menu_order":0,"comment_status":"closed","ping_status":"closed","template":"elementor_header_footer","meta":{"footnotes":""},"class_list":["post-438","page","type-page","status-publish","hentry"],"yoast_head":"<!-- This site is optimized with the Yoast SEO plugin v24.2 - https:\/\/yoast.com\/wordpress\/plugins\/seo\/ -->\n<title>Sur Karibu - Maison Karibu<\/title>\n<meta name=\"robots\" content=\"index, follow, max-snippet:-1, max-image-preview:large, max-video-preview:-1\" \/>\n<link rel=\"canonical\" href=\"https:\/\/maisonkaribu.com\/en\/about-karibu\/\" \/>\n<meta property=\"og:locale\" content=\"en_GB\" \/>\n<meta property=\"og:type\" content=\"article\" \/>\n<meta property=\"og:title\" content=\"Sur Karibu - Maison Karibu\" \/>\n<meta property=\"og:description\" content=\"Sur Karibu Karibu Living est une soci\u00e9t\u00e9 bas\u00e9e \u00e0 Valence (Espagne), qui fournit des solutions de logement de nature diff\u00e9rente mais avec un objectif commun\u00a0: offrir un espace qui permet aux personnes qui y r\u00e9sident de se connecter et d\u2019interagir entre eux. Avec la durabilit\u00e9 et la r\u00e9g\u00e9n\u00e9ration comme principes, nous agissons toujours dans le [&hellip;]\" \/>\n<meta property=\"og:url\" content=\"https:\/\/maisonkaribu.com\/en\/about-karibu\/\" \/>\n<meta property=\"og:site_name\" content=\"Maison Karibu\" \/>\n<meta property=\"article:modified_time\" content=\"2024-08-23T07:49:03+00:00\" \/>\n<meta property=\"og:image\" content=\"http:\/\/maisonkaribu.com\/wp-content\/uploads\/2023\/05\/LandRover.jpg\" \/>\n<meta name=\"twitter:card\" content=\"summary_large_image\" \/>\n<meta name=\"twitter:label1\" content=\"Estimated reading time\" \/>\n\t<meta name=\"twitter:data1\" content=\"1 minute\" \/>\n<script type=\"application\/ld+json\" class=\"yoast-schema-graph\">{\"@context\":\"https:\/\/schema.org\",\"@graph\":[{\"@type\":\"WebPage\",\"@id\":\"https:\/\/maisonkaribu.com\/about-karibu\/\",\"url\":\"https:\/\/maisonkaribu.com\/about-karibu\/\",\"name\":\"Sur Karibu - Maison Karibu\",\"isPartOf\":{\"@id\":\"https:\/\/maisonkaribu.com\/#website\"},\"primaryImageOfPage\":{\"@id\":\"https:\/\/maisonkaribu.com\/about-karibu\/#primaryimage\"},\"image\":{\"@id\":\"https:\/\/maisonkaribu.com\/about-karibu\/#primaryimage\"},\"thumbnailUrl\":\"http:\/\/maisonkaribu.com\/wp-content\/uploads\/2023\/05\/LandRover.jpg\",\"datePublished\":\"2023-05-30T16:03:08+00:00\",\"dateModified\":\"2024-08-23T07:49:03+00:00\",\"breadcrumb\":{\"@id\":\"https:\/\/maisonkaribu.com\/about-karibu\/#breadcrumb\"},\"inLanguage\":\"en-GB\",\"potentialAction\":[{\"@type\":\"ReadAction\",\"target\":[\"https:\/\/maisonkaribu.com\/about-karibu\/\"]}]},{\"@type\":\"ImageObject\",\"inLanguage\":\"en-GB\",\"@id\":\"https:\/\/maisonkaribu.com\/about-karibu\/#primaryimage\",\"url\":\"http:\/\/maisonkaribu.com\/wp-content\/uploads\/2023\/05\/LandRover.jpg\",\"contentUrl\":\"http:\/\/maisonkaribu.com\/wp-content\/uploads\/2023\/05\/LandRover.jpg\"},{\"@type\":\"BreadcrumbList\",\"@id\":\"https:\/\/maisonkaribu.com\/about-karibu\/#breadcrumb\",\"itemListElement\":[{\"@type\":\"ListItem\",\"position\":1,\"name\":\"Portada\",\"item\":\"https:\/\/maisonkaribu.com\/\"},{\"@type\":\"ListItem\",\"position\":2,\"name\":\"Sur Karibu\"}]},{\"@type\":\"WebSite\",\"@id\":\"https:\/\/maisonkaribu.com\/#website\",\"url\":\"https:\/\/maisonkaribu.com\/\",\"name\":\"Maison Karibu\",\"description\":\"Pr\u00f3ximamente, el mejor alojamiento de larga estancia en Bunia RDC\",\"publisher\":{\"@id\":\"https:\/\/maisonkaribu.com\/#organization\"},\"potentialAction\":[{\"@type\":\"SearchAction\",\"target\":{\"@type\":\"EntryPoint\",\"urlTemplate\":\"https:\/\/maisonkaribu.com\/?s={search_term_string}\"},\"query-input\":{\"@type\":\"PropertyValueSpecification\",\"valueRequired\":true,\"valueName\":\"search_term_string\"}}],\"inLanguage\":\"en-GB\"},{\"@type\":\"Organization\",\"@id\":\"https:\/\/maisonkaribu.com\/#organization\",\"name\":\"Maison Karibu\",\"url\":\"https:\/\/maisonkaribu.com\/\",\"logo\":{\"@type\":\"ImageObject\",\"inLanguage\":\"en-GB\",\"@id\":\"https:\/\/maisonkaribu.com\/#\/schema\/logo\/image\/\",\"url\":\"https:\/\/maisonkaribu.com\/wp-content\/uploads\/2023\/05\/logo-Karibu-350px-1.png\",\"contentUrl\":\"https:\/\/maisonkaribu.com\/wp-content\/uploads\/2023\/05\/logo-Karibu-350px-1.png\",\"width\":350,\"height\":140,\"caption\":\"Maison Karibu\"},\"image\":{\"@id\":\"https:\/\/maisonkaribu.com\/#\/schema\/logo\/image\/\"}}]}<\/script>\n<!-- \/ Yoast SEO plugin. -->","yoast_head_json":{"title":"Sur Karibu - Maison Karibu","robots":{"index":"index","follow":"follow","max-snippet":"max-snippet:-1","max-image-preview":"max-image-preview:large","max-video-preview":"max-video-preview:-1"},"canonical":"https:\/\/maisonkaribu.com\/en\/about-karibu\/","og_locale":"en_GB","og_type":"article","og_title":"Sur Karibu - Maison Karibu","og_description":"Sur Karibu Karibu Living est une soci\u00e9t\u00e9 bas\u00e9e \u00e0 Valence (Espagne), qui fournit des solutions de logement de nature diff\u00e9rente mais avec un objectif commun\u00a0: offrir un espace qui permet aux personnes qui y r\u00e9sident de se connecter et d\u2019interagir entre eux. Avec la durabilit\u00e9 et la r\u00e9g\u00e9n\u00e9ration comme principes, nous agissons toujours dans le [&hellip;]","og_url":"https:\/\/maisonkaribu.com\/en\/about-karibu\/","og_site_name":"Maison Karibu","article_modified_time":"2024-08-23T07:49:03+00:00","og_image":[{"url":"http:\/\/maisonkaribu.com\/wp-content\/uploads\/2023\/05\/LandRover.jpg","type":"","width":"","height":""}],"twitter_card":"summary_large_image","twitter_misc":{"Estimated reading time":"1 minute"},"schema":{"@context":"https:\/\/schema.org","@graph":[{"@type":"WebPage","@id":"https:\/\/maisonkaribu.com\/about-karibu\/","url":"https:\/\/maisonkaribu.com\/about-karibu\/","name":"Sur Karibu - Maison Karibu","isPartOf":{"@id":"https:\/\/maisonkaribu.com\/#website"},"primaryImageOfPage":{"@id":"https:\/\/maisonkaribu.com\/about-karibu\/#primaryimage"},"image":{"@id":"https:\/\/maisonkaribu.com\/about-karibu\/#primaryimage"},"thumbnailUrl":"http:\/\/maisonkaribu.com\/wp-content\/uploads\/2023\/05\/LandRover.jpg","datePublished":"2023-05-30T16:03:08+00:00","dateModified":"2024-08-23T07:49:03+00:00","breadcrumb":{"@id":"https:\/\/maisonkaribu.com\/about-karibu\/#breadcrumb"},"inLanguage":"en-GB","potentialAction":[{"@type":"ReadAction","target":["https:\/\/maisonkaribu.com\/about-karibu\/"]}]},{"@type":"ImageObject","inLanguage":"en-GB","@id":"https:\/\/maisonkaribu.com\/about-karibu\/#primaryimage","url":"http:\/\/maisonkaribu.com\/wp-content\/uploads\/2023\/05\/LandRover.jpg","contentUrl":"http:\/\/maisonkaribu.com\/wp-content\/uploads\/2023\/05\/LandRover.jpg"},{"@type":"BreadcrumbList","@id":"https:\/\/maisonkaribu.com\/about-karibu\/#breadcrumb","itemListElement":[{"@type":"ListItem","position":1,"name":"Portada","item":"https:\/\/maisonkaribu.com\/"},{"@type":"ListItem","position":2,"name":"Sur Karibu"}]},{"@type":"WebSite","@id":"https:\/\/maisonkaribu.com\/#website","url":"https:\/\/maisonkaribu.com\/","name":"Maison Karibu","description":"Pr\u00f3ximamente, el mejor alojamiento de larga estancia en Bunia RDC","publisher":{"@id":"https:\/\/maisonkaribu.com\/#organization"},"potentialAction":[{"@type":"SearchAction","target":{"@type":"EntryPoint","urlTemplate":"https:\/\/maisonkaribu.com\/?s={search_term_string}"},"query-input":{"@type":"PropertyValueSpecification","valueRequired":true,"valueName":"search_term_string"}}],"inLanguage":"en-GB"},{"@type":"Organization","@id":"https:\/\/maisonkaribu.com\/#organization","name":"Maison Karibu","url":"https:\/\/maisonkaribu.com\/","logo":{"@type":"ImageObject","inLanguage":"en-GB","@id":"https:\/\/maisonkaribu.com\/#\/schema\/logo\/image\/","url":"https:\/\/maisonkaribu.com\/wp-content\/uploads\/2023\/05\/logo-Karibu-350px-1.png","contentUrl":"https:\/\/maisonkaribu.com\/wp-content\/uploads\/2023\/05\/logo-Karibu-350px-1.png","width":350,"height":140,"caption":"Maison Karibu"},"image":{"@id":"https:\/\/maisonkaribu.com\/#\/schema\/logo\/image\/"}}]}},"_links":{"self":[{"href":"https:\/\/maisonkaribu.com\/en\/wp-json\/wp\/v2\/pages\/438","targetHints":{"allow":["GET"]}}],"collection":[{"href":"https:\/\/maisonkaribu.com\/en\/wp-json\/wp\/v2\/pages"}],"about":[{"href":"https:\/\/maisonkaribu.com\/en\/wp-json\/wp\/v2\/types\/page"}],"author":[{"embeddable":true,"href":"https:\/\/maisonkaribu.com\/en\/wp-json\/wp\/v2\/users\/1"}],"replies":[{"embeddable":true,"href":"https:\/\/maisonkaribu.com\/en\/wp-json\/wp\/v2\/comments?post=438"}],"version-history":[{"count":21,"href":"https:\/\/maisonkaribu.com\/en\/wp-json\/wp\/v2\/pages\/438\/revisions"}],"predecessor-version":[{"id":827,"href":"https:\/\/maisonkaribu.com\/en\/wp-json\/wp\/v2\/pages\/438\/revisions\/827"}],"wp:attachment":[{"href":"https:\/\/maisonkaribu.com\/en\/wp-json\/wp\/v2\/media?parent=438"}],"curies":[{"name":"wp","href":"https:\/\/api.w.org\/{rel}","templated":true}]}}