{"id":406,"date":"2023-05-30T12:01:28","date_gmt":"2023-05-30T10:01:28","guid":{"rendered":"https:\/\/maisonkaribu.com\/?page_id=406"},"modified":"2024-08-23T08:43:49","modified_gmt":"2024-08-23T06:43:49","slug":"environment","status":"publish","type":"page","link":"https:\/\/maisonkaribu.com\/en\/environment\/","title":{"rendered":"Environment"},"content":{"rendered":"<div data-elementor-type=\"wp-page\" data-elementor-id=\"406\" class=\"elementor elementor-406\" data-elementor-post-type=\"page\">\n\t\t\t\t\t\t<section class=\"elementor-section elementor-top-section elementor-element elementor-element-65d31fa9 elementor-section-height-min-height elementor-section-full_width elementor-section-items-stretch elementor-section-content-middle elementor-section-height-default\" data-id=\"65d31fa9\" data-element_type=\"section\" data-settings=\"{&quot;background_background&quot;:&quot;classic&quot;}\">\n\t\t\t\t\t\t<div class=\"elementor-container elementor-column-gap-default\">\n\t\t\t\t\t<div class=\"elementor-column elementor-col-100 elementor-top-column elementor-element elementor-element-47a76095\" data-id=\"47a76095\" data-element_type=\"column\">\n\t\t\t<div class=\"elementor-widget-wrap\">\n\t\t\t\t\t\t\t<\/div>\n\t\t<\/div>\n\t\t\t\t\t<\/div>\n\t\t<\/section>\n\t\t\t\t<section class=\"elementor-section elementor-top-section elementor-element elementor-element-60f251a7 elementor-section-height-min-height elementor-section-boxed elementor-section-height-default elementor-section-items-middle\" data-id=\"60f251a7\" data-element_type=\"section\">\n\t\t\t\t\t\t<div class=\"elementor-container elementor-column-gap-default\">\n\t\t\t\t\t<div class=\"elementor-column elementor-col-100 elementor-top-column elementor-element elementor-element-af07077\" data-id=\"af07077\" data-element_type=\"column\">\n\t\t\t<div class=\"elementor-widget-wrap elementor-element-populated\">\n\t\t\t\t\t\t<div class=\"elementor-element elementor-element-ee96d7e elementor-widget elementor-widget-heading\" data-id=\"ee96d7e\" data-element_type=\"widget\" data-widget_type=\"heading.default\">\n\t\t\t\t<div class=\"elementor-widget-container\">\n\t\t\t\t\t<h1 class=\"elementor-heading-title elementor-size-default translation-block\">Maison Karibu, <br>in the city center of Bunia<\/h1>\t\t\t\t<\/div>\n\t\t\t\t<\/div>\n\t\t\t\t<div class=\"elementor-element elementor-element-7b8c87ba elementor-widget elementor-widget-text-editor\" data-id=\"7b8c87ba\" data-element_type=\"widget\" data-widget_type=\"text-editor.default\">\n\t\t\t\t<div class=\"elementor-widget-container\">\n\t\t\t\t\t\t\t\t\t<p class=\"p1 translation-block\"><strong>The villas at Maison Karibu are located in the quietest and most secure neighborhood of Bunia<\/strong>, close to the UN offices, NGOs, restaurants, and supermarkets.<\/p>\t\t\t\t\t\t\t\t<\/div>\n\t\t\t\t<\/div>\n\t\t\t\t<div class=\"elementor-element elementor-element-9fa23ac elementor-widget elementor-widget-button\" data-id=\"9fa23ac\" data-element_type=\"widget\" data-widget_type=\"button.default\">\n\t\t\t\t<div class=\"elementor-widget-container\">\n\t\t\t\t\t\t\t\t\t<div class=\"elementor-button-wrapper\">\n\t\t\t\t\t<a class=\"elementor-button elementor-button-link elementor-size-sm\" href=\"https:\/\/maisonkaribu.com\/en\/location\/\">\n\t\t\t\t\t\t<span class=\"elementor-button-content-wrapper\">\n\t\t\t\t\t\t\t\t\t<span class=\"elementor-button-text\">Go to location<\/span>\n\t\t\t\t\t<\/span>\n\t\t\t\t\t<\/a>\n\t\t\t\t<\/div>\n\t\t\t\t\t\t\t\t<\/div>\n\t\t\t\t<\/div>\n\t\t\t\t\t<\/div>\n\t\t<\/div>\n\t\t\t\t\t<\/div>\n\t\t<\/section>\n\t\t\t\t<section class=\"elementor-section elementor-top-section elementor-element elementor-element-a13a237 elementor-section-boxed elementor-section-height-default elementor-section-height-default\" data-id=\"a13a237\" data-element_type=\"section\">\n\t\t\t\t\t\t<div class=\"elementor-container elementor-column-gap-default\">\n\t\t\t\t\t<div class=\"elementor-column elementor-col-100 elementor-top-column elementor-element elementor-element-1988ecc\" data-id=\"1988ecc\" data-element_type=\"column\">\n\t\t\t<div class=\"elementor-widget-wrap elementor-element-populated\">\n\t\t\t\t\t\t<div class=\"elementor-element elementor-element-c687a4f elementor-widget elementor-widget-heading\" data-id=\"c687a4f\" data-element_type=\"widget\" data-widget_type=\"heading.default\">\n\t\t\t\t<div class=\"elementor-widget-container\">\n\t\t\t\t\t<h2 class=\"elementor-heading-title elementor-size-default\">Near Maison Karibu, you will find:<\/h2>\t\t\t\t<\/div>\n\t\t\t\t<\/div>\n\t\t\t\t<section class=\"elementor-section elementor-inner-section elementor-element elementor-element-2dfee54 elementor-section-boxed elementor-section-height-default elementor-section-height-default\" data-id=\"2dfee54\" data-element_type=\"section\">\n\t\t\t\t\t\t<div class=\"elementor-container elementor-column-gap-default\">\n\t\t\t\t\t<div class=\"elementor-column elementor-col-25 elementor-inner-column elementor-element elementor-element-2399cd8\" data-id=\"2399cd8\" data-element_type=\"column\">\n\t\t\t<div class=\"elementor-widget-wrap elementor-element-populated\">\n\t\t\t\t\t\t<div class=\"elementor-element elementor-element-e3c3f79 elementor-widget elementor-widget-image\" data-id=\"e3c3f79\" data-element_type=\"widget\" data-widget_type=\"image.default\">\n\t\t\t\t<div class=\"elementor-widget-container\">\n\t\t\t\t\t\t\t\t\t\t\t\t\t\t\t<img fetchpriority=\"high\" decoding=\"async\" width=\"800\" height=\"800\" src=\"https:\/\/maisonkaribu.com\/wp-content\/uploads\/2023\/05\/ATM-1024x1024.png\" class=\"attachment-large size-large wp-image-413\" alt=\"\" srcset=\"https:\/\/maisonkaribu.com\/wp-content\/uploads\/2023\/05\/ATM-1024x1024.png 1024w, https:\/\/maisonkaribu.com\/wp-content\/uploads\/2023\/05\/ATM-300x300.png 300w, https:\/\/maisonkaribu.com\/wp-content\/uploads\/2023\/05\/ATM-150x150.png 150w, https:\/\/maisonkaribu.com\/wp-content\/uploads\/2023\/05\/ATM-768x768.png 768w, https:\/\/maisonkaribu.com\/wp-content\/uploads\/2023\/05\/ATM.png 1080w\" sizes=\"(max-width: 800px) 100vw, 800px\" \/>\t\t\t\t\t\t\t\t\t\t\t\t\t\t\t<\/div>\n\t\t\t\t<\/div>\n\t\t\t\t<div class=\"elementor-element elementor-element-c066c9f elementor-widget elementor-widget-heading\" data-id=\"c066c9f\" data-element_type=\"widget\" data-widget_type=\"heading.default\">\n\t\t\t\t<div class=\"elementor-widget-container\">\n\t\t\t\t\t<h3 class=\"elementor-heading-title elementor-size-default\">24\/7 ATM<\/h3>\t\t\t\t<\/div>\n\t\t\t\t<\/div>\n\t\t\t\t\t<\/div>\n\t\t<\/div>\n\t\t\t\t<div class=\"elementor-column elementor-col-25 elementor-inner-column elementor-element elementor-element-5fd7f31\" data-id=\"5fd7f31\" data-element_type=\"column\">\n\t\t\t<div class=\"elementor-widget-wrap elementor-element-populated\">\n\t\t\t\t\t\t<div class=\"elementor-element elementor-element-1577b9b elementor-widget elementor-widget-image\" data-id=\"1577b9b\" data-element_type=\"widget\" data-widget_type=\"image.default\">\n\t\t\t\t<div class=\"elementor-widget-container\">\n\t\t\t\t\t\t\t\t\t\t\t\t\t\t\t<img decoding=\"async\" width=\"800\" height=\"800\" src=\"https:\/\/maisonkaribu.com\/wp-content\/uploads\/2023\/06\/PolloRte-1024x1024.png\" class=\"attachment-large size-large wp-image-593\" alt=\"\" srcset=\"https:\/\/maisonkaribu.com\/wp-content\/uploads\/2023\/06\/PolloRte-1024x1024.png 1024w, https:\/\/maisonkaribu.com\/wp-content\/uploads\/2023\/06\/PolloRte-300x300.png 300w, https:\/\/maisonkaribu.com\/wp-content\/uploads\/2023\/06\/PolloRte-150x150.png 150w, https:\/\/maisonkaribu.com\/wp-content\/uploads\/2023\/06\/PolloRte-768x768.png 768w, https:\/\/maisonkaribu.com\/wp-content\/uploads\/2023\/06\/PolloRte.png 1080w\" sizes=\"(max-width: 800px) 100vw, 800px\" \/>\t\t\t\t\t\t\t\t\t\t\t\t\t\t\t<\/div>\n\t\t\t\t<\/div>\n\t\t\t\t<div class=\"elementor-element elementor-element-d167c53 elementor-widget elementor-widget-heading\" data-id=\"d167c53\" data-element_type=\"widget\" data-widget_type=\"heading.default\">\n\t\t\t\t<div class=\"elementor-widget-container\">\n\t\t\t\t\t<h3 class=\"elementor-heading-title elementor-size-default\">Restaurants<\/h3>\t\t\t\t<\/div>\n\t\t\t\t<\/div>\n\t\t\t\t\t<\/div>\n\t\t<\/div>\n\t\t\t\t<div class=\"elementor-column elementor-col-25 elementor-inner-column elementor-element elementor-element-12f1c53\" data-id=\"12f1c53\" data-element_type=\"column\">\n\t\t\t<div class=\"elementor-widget-wrap elementor-element-populated\">\n\t\t\t\t\t\t<div class=\"elementor-element elementor-element-121f82e elementor-widget elementor-widget-image\" data-id=\"121f82e\" data-element_type=\"widget\" data-widget_type=\"image.default\">\n\t\t\t\t<div class=\"elementor-widget-container\">\n\t\t\t\t\t\t\t\t\t\t\t\t\t\t\t<img decoding=\"async\" width=\"800\" height=\"800\" src=\"https:\/\/maisonkaribu.com\/wp-content\/uploads\/2023\/05\/Supermercados-1024x1024.png\" class=\"attachment-large size-large wp-image-416\" alt=\"\" srcset=\"https:\/\/maisonkaribu.com\/wp-content\/uploads\/2023\/05\/Supermercados-1024x1024.png 1024w, https:\/\/maisonkaribu.com\/wp-content\/uploads\/2023\/05\/Supermercados-300x300.png 300w, https:\/\/maisonkaribu.com\/wp-content\/uploads\/2023\/05\/Supermercados-150x150.png 150w, https:\/\/maisonkaribu.com\/wp-content\/uploads\/2023\/05\/Supermercados-768x768.png 768w, https:\/\/maisonkaribu.com\/wp-content\/uploads\/2023\/05\/Supermercados.png 1080w\" sizes=\"(max-width: 800px) 100vw, 800px\" \/>\t\t\t\t\t\t\t\t\t\t\t\t\t\t\t<\/div>\n\t\t\t\t<\/div>\n\t\t\t\t<div class=\"elementor-element elementor-element-d71a71a elementor-widget elementor-widget-heading\" data-id=\"d71a71a\" data-element_type=\"widget\" data-widget_type=\"heading.default\">\n\t\t\t\t<div class=\"elementor-widget-container\">\n\t\t\t\t\t<h3 class=\"elementor-heading-title elementor-size-default\">Supermarkets<\/h3>\t\t\t\t<\/div>\n\t\t\t\t<\/div>\n\t\t\t\t\t<\/div>\n\t\t<\/div>\n\t\t\t\t<div class=\"elementor-column elementor-col-25 elementor-inner-column elementor-element elementor-element-7093dec\" data-id=\"7093dec\" data-element_type=\"column\">\n\t\t\t<div class=\"elementor-widget-wrap elementor-element-populated\">\n\t\t\t\t\t\t<div class=\"elementor-element elementor-element-b2ed869 elementor-widget elementor-widget-image\" data-id=\"b2ed869\" data-element_type=\"widget\" data-widget_type=\"image.default\">\n\t\t\t\t<div class=\"elementor-widget-container\">\n\t\t\t\t\t\t\t\t\t\t\t\t\t\t\t<img loading=\"lazy\" decoding=\"async\" width=\"800\" height=\"800\" src=\"https:\/\/maisonkaribu.com\/wp-content\/uploads\/2023\/05\/ONG-1024x1024.png\" class=\"attachment-large size-large wp-image-414\" alt=\"\" srcset=\"https:\/\/maisonkaribu.com\/wp-content\/uploads\/2023\/05\/ONG-1024x1024.png 1024w, https:\/\/maisonkaribu.com\/wp-content\/uploads\/2023\/05\/ONG-300x300.png 300w, https:\/\/maisonkaribu.com\/wp-content\/uploads\/2023\/05\/ONG-150x150.png 150w, https:\/\/maisonkaribu.com\/wp-content\/uploads\/2023\/05\/ONG-768x768.png 768w, https:\/\/maisonkaribu.com\/wp-content\/uploads\/2023\/05\/ONG.png 1080w\" sizes=\"(max-width: 800px) 100vw, 800px\" \/>\t\t\t\t\t\t\t\t\t\t\t\t\t\t\t<\/div>\n\t\t\t\t<\/div>\n\t\t\t\t<div class=\"elementor-element elementor-element-9acebcb elementor-widget elementor-widget-heading\" data-id=\"9acebcb\" data-element_type=\"widget\" data-widget_type=\"heading.default\">\n\t\t\t\t<div class=\"elementor-widget-container\">\n\t\t\t\t\t<h3 class=\"elementor-heading-title elementor-size-default\">International organization offices\n<\/h3>\t\t\t\t<\/div>\n\t\t\t\t<\/div>\n\t\t\t\t\t<\/div>\n\t\t<\/div>\n\t\t\t\t\t<\/div>\n\t\t<\/section>\n\t\t\t\t\t<\/div>\n\t\t<\/div>\n\t\t\t\t\t<\/div>\n\t\t<\/section>\n\t\t\t\t<\/div>","protected":false},"excerpt":{"rendered":"<p>Maison Karibu, au centre-ville de Bunia Les villas de Maison Karibu sont situ\u00e9es dans le quartier le plus calme et s\u00e9curis\u00e9 de Bunia, proche des bureaux des Nations Unies, des ONG, des restaurants et des supermarch\u00e9s. Voir l&#8217;emplacement Proche de Maison Karibu, tu trouveras: ATM 24\/7 Restaurants Supermarch\u00e9s Bureaux des organismes internationaux<\/p>","protected":false},"author":1,"featured_media":0,"parent":0,"menu_order":0,"comment_status":"closed","ping_status":"closed","template":"elementor_header_footer","meta":{"footnotes":""},"class_list":["post-406","page","type-page","status-publish","hentry"],"yoast_head":"<!-- This site is optimized with the Yoast SEO plugin v24.2 - https:\/\/yoast.com\/wordpress\/plugins\/seo\/ -->\n<title>Environment - Maison Karibu<\/title>\n<meta name=\"robots\" content=\"index, follow, max-snippet:-1, max-image-preview:large, max-video-preview:-1\" \/>\n<link rel=\"canonical\" href=\"https:\/\/maisonkaribu.com\/en\/environment\/\" \/>\n<meta property=\"og:locale\" content=\"en_GB\" \/>\n<meta property=\"og:type\" content=\"article\" \/>\n<meta property=\"og:title\" content=\"Environment - Maison Karibu\" \/>\n<meta property=\"og:description\" content=\"Maison Karibu, au centre-ville de Bunia Les villas de Maison Karibu sont situ\u00e9es dans le quartier le plus calme et s\u00e9curis\u00e9 de Bunia, proche des bureaux des Nations Unies, des ONG, des restaurants et des supermarch\u00e9s. Voir l&#8217;emplacement Proche de Maison Karibu, tu trouveras: ATM 24\/7 Restaurants Supermarch\u00e9s Bureaux des organismes internationaux\" \/>\n<meta property=\"og:url\" content=\"https:\/\/maisonkaribu.com\/en\/environment\/\" \/>\n<meta property=\"og:site_name\" content=\"Maison Karibu\" \/>\n<meta property=\"article:modified_time\" content=\"2024-08-23T06:43:49+00:00\" \/>\n<meta property=\"og:image\" content=\"http:\/\/maisonkaribu.com\/wp-content\/uploads\/2023\/05\/ATM-1024x1024.png\" \/>\n<meta name=\"twitter:card\" content=\"summary_large_image\" \/>\n<script type=\"application\/ld+json\" class=\"yoast-schema-graph\">{\"@context\":\"https:\/\/schema.org\",\"@graph\":[{\"@type\":\"WebPage\",\"@id\":\"https:\/\/maisonkaribu.com\/en\/environment\/\",\"url\":\"https:\/\/maisonkaribu.com\/en\/environment\/\",\"name\":\"Environment - Maison Karibu\",\"isPartOf\":{\"@id\":\"https:\/\/maisonkaribu.com\/#website\"},\"primaryImageOfPage\":{\"@id\":\"https:\/\/maisonkaribu.com\/en\/environment\/#primaryimage\"},\"image\":{\"@id\":\"https:\/\/maisonkaribu.com\/en\/environment\/#primaryimage\"},\"thumbnailUrl\":\"http:\/\/maisonkaribu.com\/wp-content\/uploads\/2023\/05\/ATM-1024x1024.png\",\"datePublished\":\"2023-05-30T10:01:28+00:00\",\"dateModified\":\"2024-08-23T06:43:49+00:00\",\"breadcrumb\":{\"@id\":\"https:\/\/maisonkaribu.com\/en\/environment\/#breadcrumb\"},\"inLanguage\":\"en-GB\",\"potentialAction\":[{\"@type\":\"ReadAction\",\"target\":[\"https:\/\/maisonkaribu.com\/en\/environment\/\"]}]},{\"@type\":\"ImageObject\",\"inLanguage\":\"en-GB\",\"@id\":\"https:\/\/maisonkaribu.com\/en\/environment\/#primaryimage\",\"url\":\"http:\/\/maisonkaribu.com\/wp-content\/uploads\/2023\/05\/ATM-1024x1024.png\",\"contentUrl\":\"http:\/\/maisonkaribu.com\/wp-content\/uploads\/2023\/05\/ATM-1024x1024.png\"},{\"@type\":\"BreadcrumbList\",\"@id\":\"https:\/\/maisonkaribu.com\/en\/environment\/#breadcrumb\",\"itemListElement\":[{\"@type\":\"ListItem\",\"position\":1,\"name\":\"Portada\",\"item\":\"https:\/\/maisonkaribu.com\/\"},{\"@type\":\"ListItem\",\"position\":2,\"name\":\"Environment\"}]},{\"@type\":\"WebSite\",\"@id\":\"https:\/\/maisonkaribu.com\/#website\",\"url\":\"https:\/\/maisonkaribu.com\/\",\"name\":\"Maison Karibu\",\"description\":\"Pr\u00f3ximamente, el mejor alojamiento de larga estancia en Bunia RDC\",\"publisher\":{\"@id\":\"https:\/\/maisonkaribu.com\/#organization\"},\"potentialAction\":[{\"@type\":\"SearchAction\",\"target\":{\"@type\":\"EntryPoint\",\"urlTemplate\":\"https:\/\/maisonkaribu.com\/?s={search_term_string}\"},\"query-input\":{\"@type\":\"PropertyValueSpecification\",\"valueRequired\":true,\"valueName\":\"search_term_string\"}}],\"inLanguage\":\"en-GB\"},{\"@type\":\"Organization\",\"@id\":\"https:\/\/maisonkaribu.com\/#organization\",\"name\":\"Maison Karibu\",\"url\":\"https:\/\/maisonkaribu.com\/\",\"logo\":{\"@type\":\"ImageObject\",\"inLanguage\":\"en-GB\",\"@id\":\"https:\/\/maisonkaribu.com\/#\/schema\/logo\/image\/\",\"url\":\"https:\/\/maisonkaribu.com\/wp-content\/uploads\/2023\/05\/logo-Karibu-350px-1.png\",\"contentUrl\":\"https:\/\/maisonkaribu.com\/wp-content\/uploads\/2023\/05\/logo-Karibu-350px-1.png\",\"width\":350,\"height\":140,\"caption\":\"Maison Karibu\"},\"image\":{\"@id\":\"https:\/\/maisonkaribu.com\/#\/schema\/logo\/image\/\"}}]}<\/script>\n<!-- \/ Yoast SEO plugin. -->","yoast_head_json":{"title":"Environment - Maison Karibu","robots":{"index":"index","follow":"follow","max-snippet":"max-snippet:-1","max-image-preview":"max-image-preview:large","max-video-preview":"max-video-preview:-1"},"canonical":"https:\/\/maisonkaribu.com\/en\/environment\/","og_locale":"en_GB","og_type":"article","og_title":"Environment - Maison Karibu","og_description":"Maison Karibu, au centre-ville de Bunia Les villas de Maison Karibu sont situ\u00e9es dans le quartier le plus calme et s\u00e9curis\u00e9 de Bunia, proche des bureaux des Nations Unies, des ONG, des restaurants et des supermarch\u00e9s. Voir l&#8217;emplacement Proche de Maison Karibu, tu trouveras: ATM 24\/7 Restaurants Supermarch\u00e9s Bureaux des organismes internationaux","og_url":"https:\/\/maisonkaribu.com\/en\/environment\/","og_site_name":"Maison Karibu","article_modified_time":"2024-08-23T06:43:49+00:00","og_image":[{"url":"http:\/\/maisonkaribu.com\/wp-content\/uploads\/2023\/05\/ATM-1024x1024.png","type":"","width":"","height":""}],"twitter_card":"summary_large_image","schema":{"@context":"https:\/\/schema.org","@graph":[{"@type":"WebPage","@id":"https:\/\/maisonkaribu.com\/en\/environment\/","url":"https:\/\/maisonkaribu.com\/en\/environment\/","name":"Environment - Maison Karibu","isPartOf":{"@id":"https:\/\/maisonkaribu.com\/#website"},"primaryImageOfPage":{"@id":"https:\/\/maisonkaribu.com\/en\/environment\/#primaryimage"},"image":{"@id":"https:\/\/maisonkaribu.com\/en\/environment\/#primaryimage"},"thumbnailUrl":"http:\/\/maisonkaribu.com\/wp-content\/uploads\/2023\/05\/ATM-1024x1024.png","datePublished":"2023-05-30T10:01:28+00:00","dateModified":"2024-08-23T06:43:49+00:00","breadcrumb":{"@id":"https:\/\/maisonkaribu.com\/en\/environment\/#breadcrumb"},"inLanguage":"en-GB","potentialAction":[{"@type":"ReadAction","target":["https:\/\/maisonkaribu.com\/en\/environment\/"]}]},{"@type":"ImageObject","inLanguage":"en-GB","@id":"https:\/\/maisonkaribu.com\/en\/environment\/#primaryimage","url":"http:\/\/maisonkaribu.com\/wp-content\/uploads\/2023\/05\/ATM-1024x1024.png","contentUrl":"http:\/\/maisonkaribu.com\/wp-content\/uploads\/2023\/05\/ATM-1024x1024.png"},{"@type":"BreadcrumbList","@id":"https:\/\/maisonkaribu.com\/en\/environment\/#breadcrumb","itemListElement":[{"@type":"ListItem","position":1,"name":"Portada","item":"https:\/\/maisonkaribu.com\/"},{"@type":"ListItem","position":2,"name":"Environment"}]},{"@type":"WebSite","@id":"https:\/\/maisonkaribu.com\/#website","url":"https:\/\/maisonkaribu.com\/","name":"Maison Karibu","description":"Pr\u00f3ximamente, el mejor alojamiento de larga estancia en Bunia RDC","publisher":{"@id":"https:\/\/maisonkaribu.com\/#organization"},"potentialAction":[{"@type":"SearchAction","target":{"@type":"EntryPoint","urlTemplate":"https:\/\/maisonkaribu.com\/?s={search_term_string}"},"query-input":{"@type":"PropertyValueSpecification","valueRequired":true,"valueName":"search_term_string"}}],"inLanguage":"en-GB"},{"@type":"Organization","@id":"https:\/\/maisonkaribu.com\/#organization","name":"Maison Karibu","url":"https:\/\/maisonkaribu.com\/","logo":{"@type":"ImageObject","inLanguage":"en-GB","@id":"https:\/\/maisonkaribu.com\/#\/schema\/logo\/image\/","url":"https:\/\/maisonkaribu.com\/wp-content\/uploads\/2023\/05\/logo-Karibu-350px-1.png","contentUrl":"https:\/\/maisonkaribu.com\/wp-content\/uploads\/2023\/05\/logo-Karibu-350px-1.png","width":350,"height":140,"caption":"Maison Karibu"},"image":{"@id":"https:\/\/maisonkaribu.com\/#\/schema\/logo\/image\/"}}]}},"_links":{"self":[{"href":"https:\/\/maisonkaribu.com\/en\/wp-json\/wp\/v2\/pages\/406","targetHints":{"allow":["GET"]}}],"collection":[{"href":"https:\/\/maisonkaribu.com\/en\/wp-json\/wp\/v2\/pages"}],"about":[{"href":"https:\/\/maisonkaribu.com\/en\/wp-json\/wp\/v2\/types\/page"}],"author":[{"embeddable":true,"href":"https:\/\/maisonkaribu.com\/en\/wp-json\/wp\/v2\/users\/1"}],"replies":[{"embeddable":true,"href":"https:\/\/maisonkaribu.com\/en\/wp-json\/wp\/v2\/comments?post=406"}],"version-history":[{"count":33,"href":"https:\/\/maisonkaribu.com\/en\/wp-json\/wp\/v2\/pages\/406\/revisions"}],"predecessor-version":[{"id":801,"href":"https:\/\/maisonkaribu.com\/en\/wp-json\/wp\/v2\/pages\/406\/revisions\/801"}],"wp:attachment":[{"href":"https:\/\/maisonkaribu.com\/en\/wp-json\/wp\/v2\/media?parent=406"}],"curies":[{"name":"wp","href":"https:\/\/api.w.org\/{rel}","templated":true}]}}